{"id":23,"date":"2016-08-22T13:36:15","date_gmt":"2016-08-22T04:36:15","guid":{"rendered":"http:\/\/ligaphone.jp\/?page_id=23"},"modified":"2017-05-29T11:11:10","modified_gmt":"2017-05-29T02:11:10","slug":"%e3%83%aa%e3%82%ac%e3%83%95%e3%82%a9%e3%83%b3%e3%83%a6%e3%83%bc%e3%82%b6%e3%83%bc","status":"publish","type":"page","link":"https:\/\/ligaphone.jp\/?page_id=23","title":{"rendered":"\u30ea\u30ac\u30d5\u30a9\u30f3 \u30a2\u30f3\u30d0\u30b5\u30c0\u30fc"},"content":{"rendered":"<h2 class=\"liga\">\u30a4\u30ce\u30d9\u30fc\u30bf\u30fc\u3068\u3057\u3066\u3001\u305d\u3057\u3066\u4f1d\u7d71\u3092\u5f15\u304d\u7d99\u3050\u3082\u306e\u3068\u3057\u3066<\/h2>\n<p>\u30d1\u30ea\u7ba1\u5f26\u697d\u56e3\u3001\u30d5\u30e9\u30f3\u30b9\u56fd\u7acb\u7ba1\u5f26\u697d\u56e3\u3001\u30d1\u30ea\u56fd\u7acb\u30aa\u30da\u30e9\u3001\u30c8\u30a5\u30fc\u30eb\u30fc\u30ba\u30fb\u30ad\u30e3\u30d4\u30c8\u30eb\u56fd\u7acb\u7ba1\u5f26\u697d\u56e3\u3001\u30d5\u30e9\u30f3\u30b9\u5171\u548c\u56fd\u89aa\u885b\u968a\u3001\u30d5\u30e9\u30f3\u30b9\u56fd\u5bb6\u8b66\u5bdf\u97f3\u697d\u968a\u306a\u3069\u3001\u4e16\u754c\u7684\u306b\u3082\u6709\u540d\u306a\u697d\u56e3\u3084\u30a2\u30fc\u30c6\u30a3\u30b9\u30c8\u306b\u611b\u3055\u308c\u3066\u3044\u308b\u30ea\u30ac\u30d5\u30a9\u30f3\u3002<\/p>\n<p>\u30ea\u30ac\u30d5\u30a9\u30f3\u306f\u5f7c\u3089\u306e\u6f14\u594f\u30fb\u8868\u73fe\u3068\u3068\u3082\u306b\u6b69\u3093\u3067\u304a\u308a\u3001\u5f7c\u3089\u306b\u3068\u3063\u3066\u306a\u304f\u3066\u306f\u306a\u3089\u306a\u3044\u5b58\u5728\u3068\u306a\u3063\u3066\u3044\u307e\u3059\u3002<\/p>\n<p>\u4e16\u754c\u306e\u30c8\u30c3\u30d7\u30d7\u30ed\u306f\u3082\u3061\u308d\u3093\u306e\u3053\u3068\u3001\u30d5\u30e9\u30f3\u30b9\u306e\u56fd\u7acb\u97f3\u697d\u9662\u3092\u59cb\u3081\u30e8\u30fc\u30ed\u30c3\u30d1\u3092\u4e2d\u5fc3\u3068\u3057\u305f\u97f3\u697d\u306e\u6559\u80b2\u73fe\u5834\u306a\u3069\u3067\u3082\u5e83\u304f\u63a1\u7528\u3055\u308c\u3066\u3044\u307e\u3059\u3002<\/p>\n<p>\u5148\u9032\u7684\u3067\u9769\u65b0\u7684\u306a\u30b3\u30f3\u30bb\u30d7\u30c8\u3092\u63d0\u6848\u3057\u306a\u304c\u3089\u3082\u3001\u30aa\u30fc\u30b1\u30b9\u30c8\u30e9\u3084\u6559\u80b2\u73fe\u5834\u306a\u3069\u3001\u30e8\u30fc\u30ed\u30c3\u30d1\u306e\u9577\u3044\u6b74\u53f2\u3092\u80cc\u666f\u3068\u3057\u305f\u97f3\u697d\u6587\u5316\u3092\u652f\u3048\u3066\u304d\u307e\u3057\u305f\u3002<\/p>\n<p><img loading=\"lazy\" decoding=\"async\" data-attachment-id=\"38\" data-permalink=\"https:\/\/ligaphone.jp\/?attachment_id=38\" data-orig-file=\"https:\/\/ligaphone.jp\/wp-content\/uploads\/2016\/08\/Web_Artists_for_LIGAPHONE_28.jpg\" data-orig-size=\"750,1050\" data-comments-opened=\"0\" data-image-meta=\"{&quot;aperture&quot;:&quot;0&quot;,&quot;credit&quot;:&quot;&quot;,&quot;camera&quot;:&quot;&quot;,&quot;caption&quot;:&quot;&quot;,&quot;created_timestamp&quot;:&quot;0&quot;,&quot;copyright&quot;:&quot;&quot;,&quot;focal_length&quot;:&quot;0&quot;,&quot;iso&quot;:&quot;0&quot;,&quot;shutter_speed&quot;:&quot;0&quot;,&quot;title&quot;:&quot;&quot;,&quot;orientation&quot;:&quot;0&quot;}\" data-image-title=\"web_artists_for_ligaphone_28\" data-image-description=\"\" data-image-caption=\"\" data-large-file=\"https:\/\/ligaphone.jp\/wp-content\/uploads\/2016\/08\/Web_Artists_for_LIGAPHONE_28-731x1024.jpg\" src=\"https:\/\/ligaphone.jp\/wp-content\/uploads\/2016\/08\/Web_Artists_for_LIGAPHONE_28.jpg\" alt=\"web_artists_for_ligaphone_28\" width=\"750\" height=\"1050\" class=\"alignnone size-full wp-image-38\" srcset=\"https:\/\/ligaphone.jp\/wp-content\/uploads\/2016\/08\/Web_Artists_for_LIGAPHONE_28.jpg 750w, https:\/\/ligaphone.jp\/wp-content\/uploads\/2016\/08\/Web_Artists_for_LIGAPHONE_28-214x300.jpg 214w, https:\/\/ligaphone.jp\/wp-content\/uploads\/2016\/08\/Web_Artists_for_LIGAPHONE_28-731x1024.jpg 731w\" sizes=\"auto, (max-width: 750px) 100vw, 750px\" \/><\/p>\n<p>&nbsp;<\/p>\n<p class=\"name\">Dirk Altmann\/\u30c7\u30a3\u30eb\u30af\u30fb\u30a2\u30eb\u30c8\u30de\u30f3<\/p>\n<p>\u30af\u30e9\u30ea\u30cd\u30c3\u30c8 \u30d7\u30ea\u30f3\u30b7\u30d1\u30eb &#8211; \u30b7\u30e5\u30c8\u30a5\u30c3\u30c8\u30ac\u30eb\u30c8\u653e\u9001\u4ea4\u97ff\u697d\u56e3 (\u30c9\u30a4\u30c4)<\/p>\n<p><a href=\"http:\/\/info.dirkaltmann.com\" target=\"_blank\">http:\/\/info.dirkaltmann.com<\/a><\/p>\n<p>&nbsp;<\/p>\n<p class=\"name\">Antoine Belec<\/p>\n<p>&#8220;Gardiens de la Paix&#8221; \u30aa\u30fc\u30b1\u30b9\u30c8\u30e9 \u30b5\u30af\u30bd\u30d5\u30a9\u30fc\u30f3<br \/>\n\u30ce\u30bc\u97f3\u697d\u5b66\u6821 \u30b5\u30c3\u30af\u30b9\uff06\u30af\u30e9\u30ea\u30cd\u30c3\u30c8\u6559\u6388<\/p>\n<p><a href=\"http:\/\/antoine.belec.free.fr\" target=\"_blank\">http:\/\/antoine.belec.free.fr<\/a><\/p>\n<p>&nbsp;<\/p>\n<p class=\"name\">Daniel Bellovi<\/p>\n<p>\u30d0\u30b9\u30af\u30e9\u30ea\u30cd\u30c3\u30c8\u30fb\u30d1\u30d5\u30a9\u30fc\u30de\u30fc\u3001\u6559\u6388<br \/>\n\u30d0\u30ec\u30f3\u30b7\u30a2\u30fb\u30db\u30bb\u30fb\u30a4\u30c8\u30a5\u30eb\u30d3\u97f3\u697d\u5b66\u6821 \u30af\u30e9\u30ea\u30cd\u30c3\u30c8\u6559\u6388(\u30b9\u30da\u30a4\u30f3)<\/p>\n<p><a href=\"http:\/\/www.duoantwerp.com\" target=\"_blank\">www.duoantwerp.com<\/a><\/p>\n<p>&nbsp;<\/p>\n<p class=\"name\">Julien Beneteau<\/p>\n<p>\u30d9\u30eb\u30ae\u30fc\u56fd\u7acb\u7ba1\u5f26\u697d\u56e3 \u30d0\u30b9\u30af\u30e9\u30ea\u30cd\u30c3\u30c8\u30bd\u30ed\u594f\u8005<br \/>\n\u30ca\u30df\u30e5\u30fc\u30eb\u97f3\u697d\u5927\u5b66 \u6559\u6388(\u30d9\u30eb\u30ae\u30fc)<\/p>\n<p>&nbsp;<\/p>\n<p class=\"name\">Pierluigi Bernard<\/p>\n<p>\u30c6\u30cd\u30ea\u30d5\u30a7\u30fb\u30b7\u30f3\u30d5\u30a9\u30cb\u30fc\u30aa\u30fc\u30b1\u30b9\u30c8\u30e9 \u30af\u30e9\u30ea\u30cd\u30c3\u30c8\u30fb\u30bd\u30ea\u30b9\u30c8<\/p>\n<p>&nbsp;<\/p>\n<p class=\"name\">Cl\u00e9ment Bizoirre<\/p>\n<p>\u30b5\u30c3\u30af\u30b9\u594f\u8005<\/p>\n<p><a href=\"http:\/\/www.saxetera.com\" target=\"_blank\">www.saxetera.com<\/a><\/p>\n<p>&nbsp;<\/p>\n<p class=\"name\">Christophe Bois<\/p>\n<p>\u30d1\u30ea\u56fd\u7acb\u9ad8\u7b49\u97f3\u697d\u30fb\u821e\u8e0a\u5b66\u6821 \u6559\u8aed<br \/>\n&#8220;Conservatoire de Bourges&#8221;\u97f3\u697d\u5b66\u6821 \u6559\u8aed<\/p>\n<p>&nbsp;<\/p>\n<p class=\"name\">Ensemble Bor\u00e9e<\/p>\n<p>\u30aa\u30fc\uff1d\u30c9\uff1d\u30d5\u30e9\u30f3\u30b9\u5408\u5531\u56e3 \u30af\u30e9\u30ea\u30cd\u30c3\u30c8\u594f\u8005<\/p>\n<p><a href=\"http:\/\/ensembleclarinettesb.wix.com\/ensboree\" target=\"_blank\">http:\/\/ensembleclarinettesb.wix.com\/ensboree<\/a><\/p>\n<p>&nbsp;<\/p>\n<p class=\"name\">Laurent Boulanger<\/p>\n<p>\u30b3\u30f3\u30bb\u30fc\u30eb\u30fb\u30b3\u30ed\u30f3\u30cc\u30fb\u30aa\u30fc\u30b1\u30b9\u30c8\u30e9\u3001\u30d5\u30e9\u30f3\u30b9\u56fd\u5bb6\u8b66\u5bdf\u97f3\u697d\u968a\u30d0\u30b9\u30af\u30e9\u30ea\u30cd\u30c3\u30c8\u594f\u8005<br \/>\nRoissy\u97f3\u697d\u5927\u5b66 \u6559\u6388(\u30d6\u30ea\u30fc, \u30d5\u30e9\u30f3\u30b9)<\/p>\n<p>&nbsp;<\/p>\n<p class=\"name\">Thomas Caron<\/p>\n<p>\u30d5\u30e9\u30f3\u30b9\u56fd\u5bb6\u8b66\u5bdf\u97f3\u697d\u968a\u30af\u30e9\u30ea\u30cd\u30c3\u30c8\u594f\u8005<br \/>\n\u30ed\u30f3\u30b8\u30e5\u30e2\u30fc\u97f3\u697d\u5927\u5b66 \u6559\u6388<\/p>\n<p>&nbsp;<\/p>\n<p class=\"name\">Philippe Chagne<\/p>\n<p>\u30d5\u30ea\u30fc\u30e9\u30f3\u30b9\u30fb\u30df\u30e5\u30fc\u30b8\u30b7\u30e3\u30f3\u3001\u6559\u80b2\u8005<\/p>\n<p>&nbsp;<\/p>\n<p class=\"name\">Florent Charpentier<\/p>\n<p>\u30ed\u30ec\u30fc\u30cc\u56fd\u7acb\u30aa\u30fc\u30b1\u30b9\u30c8\u30e9 \u30af\u30e9\u30ea\u30cd\u30c3\u30c8\u30fb\u30bd\u30ed<\/p>\n<p><a href=\"http:\/\/www.florentcharpentier.com\" target=\"_blank\">www.florentcharpentier.com<\/a><\/p>\n<p>&nbsp;<\/p>\n<p class=\"name\">Esaie Cid<\/p>\n<p>\u30d5\u30ea\u30fc\u30e9\u30f3\u30b9 \u30b5\u30c3\u30af\u30b9\u594f\u8005<\/p>\n<p><a href=\"http:\/\/www.esaiecid.com\" target=\"_blank\">http:\/\/www.esaiecid.com<\/a><\/p>\n<p>&nbsp;<\/p>\n<p class=\"name\">Denis Colin\/\u30c7\u30cb\u30b9\u30fb\u30b3\u30ea\u30f3<\/p>\n<p>\u30df\u30e5\u30fc\u30b8\u30b7\u30e3\u30f3<\/p>\n<p><a href=\"http:\/\/www.deniscolin.com\" target=\"_blank\">www.deniscolin.com<\/a><\/p>\n<p>&nbsp;<\/p>\n<p class=\"name\">St\u00e9phane Colin<\/p>\n<p>\u30b5\u30c3\u30af\u30b9\u594f\u8005\u3001\u4f5c\u66f2\u5bb6<br \/>\nD\u2019Etrechy\u30b5\u30f3\uff1d\u30b0\u30e9\u30c6\u30a3\u30a2\u30f3\u5e02\u7acb\u97f3\u697d\u9662 \u6559\u6388<\/p>\n<p><a href=\"http:\/\/newyorkvibes.wix.com\/stephane-colin\" target=\"_blank\">http:\/\/newyorkvibes.wix.com\/stephane-colin<\/a><\/p>\n<p>&nbsp;<\/p>\n<p class=\"name\">Sylvain Del Campo<\/p>\n<p>\u30b8\u30e3\u30ba\u30fb\u30b5\u30af\u30bd\u30d5\u30a9\u30fc\u30f3\u594f\u8005<br \/>\n\u30ce\u30ef\u30b8\u30a8\u30eb\u770c\u7acb\u97f3\u697d\u9662\u6559\u6388<\/p>\n<p><a href=\"http:\/\/www.sylvaindelcampo.com\" target=\"_blank\">www.sylvaindelcampo.com<\/a><\/p>\n<p>&nbsp;<\/p>\n<p class=\"name\">Philippe-Olivier Devaux<\/p>\n<p>\u30d1\u30ea\u7ba1\u5f26\u697d\u56e3 \u30d0\u30b9\u30af\u30e9\u30ea\u30cd\u30c3\u30c8\u594f\u8005<br \/>\n\u30af\u30ec\u30c6\u30a4\u30e6\u770c\u7acb\u97f3\u697d\u9662\u6559\u6388<\/p>\n<p>&nbsp;<\/p>\n<p class=\"name\">Fran\u00e7ois Draux<\/p>\n<p>\u30ab\u30f3\u30cc\u5730\u57df\u570f\u30aa\u30fc\u30b1\u30b9\u30c8\u30e9 \u30af\u30e9\u30ea\u30cd\u30c3\u30c8\u594f\u8005<\/p>\n<p>&nbsp;<\/p>\n<p class=\"name\">Marc Duch\u00e8ne<\/p>\n<p>\u30ae\u30e3\u30eb\u30c9\u30fb\u30ec\u30d4\u30e5\u30d6\u30ea\u30b1\u30fc\u30cc\u7ba1\u5f26\u697d\u56e3 \u30c6\u30ca\u30fc\u30b5\u30c3\u30af\u30b9\u594f\u8005<\/p>\n<p>&nbsp;<\/p>\n<p class=\"name\">Julien Duchet<\/p>\n<p>poly-instrumentiste \u30d5\u30ea\u30fc\u30e9\u30f3\u30b9\u30fb\u30df\u30e5\u30fc\u30b8\u30b7\u30e3\u30f3<\/p>\n<p>&nbsp;<\/p>\n<p class=\"name\">Luigi Grasso<\/p>\n<p>\u30d5\u30ea\u30fc\u30e9\u30f3\u30b9\u30fb\u30df\u30e5\u30fc\u30b8\u30b7\u30e3\u30f3<\/p>\n<p><a href=\"http:\/\/luigigrassomusic.com\" target=\"_blank\">http:\/\/luigigrassomusic.com<\/a><\/p>\n<p>&nbsp;<\/p>\n<p class=\"name\">Daniel Gremelle\/\u30c0\u30cb\u30a8\u30eb\u30fb\u30b0\u30ec\u30e1\u30fc\u30e6<\/p>\n<p>\u30b5\u30c3\u30af\u30b9\u30fb\u30b3\u30f3\u30b5\u30fc\u30c8\u594f\u8005<br \/>\n\u30ea\u30e5\u30a8\u30a4\u30e6\uff1d\u30de\u30eb\u30e1\u30be\u30f3\u5730\u57df\u570f\u7acb\u97f3\u697d\u9662 \u6559\u6388<\/p>\n<p>&nbsp;<\/p>\n<p class=\"name\">Renaud Guy-Rousseau<\/p>\n<p>\u30d5\u30e9\u30f3\u30b9\u56fd\u7acb\u7ba1\u5f26\u697d\u56e3 \u30d0\u30b9\u30af\u30e9\u30ea\u30cd\u30c3\u30c8 \u30bd\u30ed<\/p>\n<p>&nbsp;<\/p>\n<p class=\"name\">John Helliwell\/\u30b8\u30e7\u30f3\u30fb\u30d8\u30ea\u30fc\u30a6\u30a7\u30eb<\/p>\n<p>\u30d0\u30f3\u30c9 &#8220;Supertramp\/\u30b9\u30fc\u30d1\u30fc\u30c8\u30e9\u30f3\u30d7&#8221; \u30b5\u30c3\u30af\u30b9<\/p>\n<p><a href=\"http:\/\/www.johnhelliwell.com\" target=\"_blank\">www.johnhelliwell.com<\/a><\/p>\n<p>&nbsp;<\/p>\n<p class=\"name\">Martial Hugon<\/p>\n<p>\u30af\u30e9\u30ea\u30cd\u30c3\u30c8\u594f\u8005<br \/>\n\u30ed\u30de\u30f3\u30f4\u30a3\u30eb\u770c\u7acb\u97f3\u697d\u9662 \u6559\u6388<\/p>\n<p><a href=\"http:\/\/harmonie.thorigny.free.fr\" target=\"_blank\">http:\/\/harmonie.thorigny.free.fr<\/a><\/p>\n<p>&nbsp;<\/p>\n<p class=\"name\">Marco Ignoti<\/p>\n<p>&#8220;FontanaMIXensemble&#8221; \u30af\u30e9\u30ea\u30cd\u30c3\u30c8<br \/>\n\u30d5\u30ea\u30fc\u30e9\u30f3\u30b9\u30fb\u30af\u30e9\u30ea\u30cd\u30c3\u30c8\u594f\u8005 (\u30dc\u30ed\u30fc\u30cb\u30e3, \u30a4\u30bf\u30ea\u30a2)<\/p>\n<p><a href=\"http:\/\/www.marcoignoti.it\" target=\"_blank\">www.marcoignoti.it<\/a><\/p>\n<p>&nbsp;<\/p>\n<p class=\"name\">Young Kwang Glory Jang<\/p>\n<p>\u30ed\u30fc\u30b6\u30f3\u30cc\u5dde\u7acb\u97f3\u697d\u5927\u5b66\u3001\u30d1\u30ea\u30fb\u30a8\u30b3\u30fc\u30eb\u30fb\u30ce\u30eb\u30de\u30eb\u97f3\u697d\u9662 \u30b3\u30f3\u30b5\u30fc\u30c8\u30de\u30b9\u30bf\u30fc<\/p>\n<p>&nbsp;<\/p>\n<p class=\"name\">B.J. Jansen\/B.J. \u30b8\u30e3\u30f3\u30bb\u30f3<\/p>\n<p>\u30d0\u30ea\u30c8\u30f3\u30b5\u30c3\u30af\u30b9\u594f\u8005\u3001\u4f5c\u66f2\u5bb6\u3001\u6559\u80b2\u8005 (\u30a2\u30e1\u30ea\u30ab)<\/p>\n<p><a href=\"http:\/\/www.bjjansen.com\" target=\"_blank\">http:\/\/www.bjjansen.com<\/a><\/p>\n<p>&nbsp;<\/p>\n<p class=\"name\">JongYoung Kim<\/p>\n<p>\u30bb\u30b8\u30e7\u30f3\u5e02\u30d5\u30a3\u30eb\u30cf\u30fc\u30e2\u30cb\u30fc\u30aa\u30fc\u30b1\u30b9\u30c8\u30e9 \u30af\u30e9\u30ea\u30cd\u30c3\u30c8\u594f\u8005<br \/>\n\u5fe0\u5357\u56fd\u7acb\u97f3\u697d\u5927\u5b66\u6821 \u6559\u6388<\/p>\n<p>&nbsp;<\/p>\n<p class=\"name\">Robert Kyle\/\u30ed\u30d0\u30fc\u30c8\u30fb\u30ab\u30a4\u30eb<\/p>\n<p>\u30b5\u30c3\u30af\u30b9\u594f\u8005\u3001\u30d5\u30eb\u30fc\u30c8\u594f\u8005\u3001\u4f5c\u66f2\u5bb6<\/p>\n<p><a href=\"http:\/\/www.robertkyle.com\" target=\"_blank\">www.robertkyle.com<\/a><\/p>\n<p>&nbsp;<\/p>\n<p class=\"name\">Philippe Lecocq<\/p>\n<p>\u30c8\u30a5\u30fc\u30eb\u30fc\u30ba\u5730\u57df\u570f\u7acb\u97f3\u697d\u9662 \u6559\u6388<br \/>\n&#8220;l&#8217;Institut Sup\u00e9rieur&#8221;\u30c8\u30a5\u30fc\u30eb\u30fc\u30ba\u82b8\u8853\u5927\u5b66 \u6559\u6388<\/p>\n<p>&nbsp;<\/p>\n<p class=\"name\">Arnaud Leroy<\/p>\n<p>\u30d1\u30ea\u7ba1\u5f26\u697d\u56e3 \u30af\u30e9\u30ea\u30cd\u30c3\u30c8\u594f\u8005<br \/>\n\u30d1\u30ea\u56fd\u7acb\u9ad8\u7b49\u97f3\u697d\u30fb\u821e\u8e0a\u5b66\u6821 \u6559\u6388<\/p>\n<p>&nbsp;<\/p>\n<p class=\"name\">Gr\u00e9gory Letombe<\/p>\n<p>\u30b5\u30f3\uff1d\u30ab\u30f3\u30bf\u30f3\u770c\u7acb\u97f3\u697d\u9662 \u6559\u6388<\/p>\n<p>&nbsp;<\/p>\n<p class=\"name\">Elisa Marchetti<\/p>\n<p>\u30d5\u30ea\u30fc\u30e9\u30f3\u30b9 \u30df\u30e5\u30fc\u30b8\u30b7\u30e3\u30f3 (\u30b9\u30a4\u30b9\u3001\u30a4\u30bf\u30ea\u30a2)<\/p>\n<p><a href=\"http:\/\/elymarchetti.wix.com\/elisamarchetti\" target=\"_blank\">http:\/\/elymarchetti.wix.com\/elisamarchetti<\/a><\/p>\n<p>&nbsp;<\/p>\n<p class=\"name\">Alain M\u00e9trailler<\/p>\n<p>\u30ed\u30fc\u30b6\u30f3\u30cc\u5dde\u7acb\u97f3\u697d\u5927\u5b66 \u6559\u6388\u3001\u30b5\u30c3\u30af\u30b9\u594f\u8005(\u30b9\u30a4\u30b9)<\/p>\n<p><a href=\"http:\/\/www.imperialtabasco.ch\" target=\"_blank\">www.imperialtabasco.ch<\/a><\/p>\n<p>&nbsp;<\/p>\n<p class=\"name\">Gianni Mimmo<\/p>\n<p>\u30d5\u30ea\u30fc\u30e9\u30f3\u30b9\u30fb\u30bd\u30d7\u30e9\u30ce\u30b5\u30c3\u30af\u30b9\u5373\u8208\u6f14\u594f\u5bb6\u3001\u4f5c\u66f2\u5bb6<br \/>\nAmirani\u30ec\u30b3\u30fc\u30c9 \u30d7\u30ed\u30c7\u30e5\u30fc\u30b5\u30fc(\u30a4\u30bf\u30ea\u30a2)<\/p>\n<p><a href=\"http:\/\/www.amiranirecords.com\" target=\"_blank\">www.amiranirecords.com<\/a><\/p>\n<p>&nbsp;<\/p>\n<p class=\"name\">David Minetti<\/p>\n<p>\u30c8\u30a5\u30fc\u30eb\u30fc\u30ba\u30fb\u30ad\u30e3\u30d4\u30c8\u30eb\u56fd\u7acb\u7ba1\u5f26\u697d\u56e3 \u30af\u30e9\u30ea\u30cd\u30c3\u30c8\u30bd\u30ed<br \/>\n\u30c8\u30a5\u30fc\u30eb\u30fc\u30ba\u82b8\u8853\u5927\u5b66 \u6559\u6388<\/p>\n<p>&nbsp;<\/p>\n<p class=\"name\">Nicola Mogavero<\/p>\n<p>\u4f5c\u66f2\u5bb6\u3001\u97f3\u697d\u5927\u5b66\u6559\u6388(\u30a4\u30bf\u30ea\u30a2)<\/p>\n<p><a href=\"http:\/\/nicolamogavero.com\" target=\"_blank\">http:\/\/nicolamogavero.com<\/a><\/p>\n<p>&nbsp;<\/p>\n<p class=\"name\">Ludovic Molin<\/p>\n<p>&#8220;La Musique des Gardiens de la Paix&#8221; \u30b5\u30c3\u30af\u30b9\u594f\u8005<br \/>\n\u30d1\u30ea\u533a\u8b66\u5bdf \u30b5\u30c3\u30af\u30b9\u594f\u8005<br \/>\n\u30e9\uff1d\u30d5\u30a7\u30eb\u30c6\uff1d\u30b9\u30fc\uff1d\u30b8\u30e5\u30a2\u30fc\u30eb\u97f3\u697d\u9662 \u6559\u6388<\/p>\n<p>&nbsp;<\/p>\n<p class=\"name\">Nans Moreau<\/p>\n<p>\u30ea\u30e8\u30f3\u56fd\u7acb\u30aa\u30fc\u30b1\u30b9\u30c8\u30e9 \u30d0\u30b9\u30af\u30e9\u30ea\u30cd\u30c3\u30c8\u594f\u8005<\/p>\n<p>&nbsp;<\/p>\n<p class=\"name\">Fr\u00e9d\u00e9ric Mouron<\/p>\n<p>\u30d7\u30ed\u30f4\u30a1\u30f3\u30b9\u5927\u5287\u5834\u30aa\u30fc\u30b1\u30b9\u30c8\u30e9 \u30af\u30e9\u30ea\u30cd\u30c3\u30c8\u30bd\u30ed<br \/>\n\u30a8\u30af\u30b5\u30f3\u30fb\u30d7\u30ed\u30f4\u30a1\u30f3\u30b9 \u30c8\u30a5\u30fc\u30ed\u30f3\u8266\u968a\u97f3\u697d\u56e3 \u30af\u30e9\u30ea\u30cd\u30c3\u30c8<\/p>\n<p>&nbsp;<\/p>\n<p class=\"name\">St\u00e9phane Nisol<\/p>\n<p>\u30b5\u30c3\u30af\u30b9\u594f\u8005\u3001\u30d5\u30ea\u30fc\u30e9\u30f3\u30b9\u30fb\u30a2\u30fc\u30c6\u30a3\u30b9\u30c8<\/p>\n<p><a href=\"http:\/\/www.clefdesol.fr\" target=\"_blank\">www.clefdesol.fr<\/a><\/p>\n<p>&nbsp;<\/p>\n<p class=\"name\">Georgina Oakes<\/p>\n<p>\u30af\u30e9\u30ea\u30cd\u30c3\u30c8\u30fb\u30b3\u30f3\u30b5\u30fc\u30c8\u30fb\u30a2\u30fc\u30c6\u30a3\u30b9\u30c8<\/p>\n<p><a href=\"http:\/\/www.georginaoakes.com\" target=\"_blank\">www.georginaoakes.com<\/a><\/p>\n<p>&nbsp;<\/p>\n<p class=\"name\">Alessandro Palmitessa<\/p>\n<p>\u30b5\u30c3\u30af\u30b9\u594f\u8005\u3001\u30df\u30e5\u30fc\u30b8\u30b7\u30e3\u30f3\uff06\u4f5c\u66f2\u5bb6<\/p>\n<p><a href=\"http:\/\/www.palmitessa.de\" target=\"_blank\">www.palmitessa.de<\/a><\/p>\n<p>&nbsp;<\/p>\n<p class=\"name\">Guillaume Pernes<\/p>\n<p>\u30ae\u30e3\u30eb\u30c9\u30fb\u30ec\u30d4\u30e5\u30d6\u30ea\u30b1\u30fc\u30cc\u7ba1\u5f26\u697d\u56e3 \u30c6\u30ca\u30fc\u30b5\u30c3\u30af\u30b9 \u30bd\u30ed<\/p>\n<p>&nbsp;<\/p>\n<p class=\"name\">Eric Pierre<\/p>\n<p>\u30d5\u30e9\u30f3\u30b9\u56fd\u5bb6\u8b66\u5bdf\u30cf\u30fc\u30e2\u30cb\u30fc\u30aa\u30fc\u30b1\u30b9\u30c8\u30e9 \u30b5\u30c3\u30af\u30b9\u594f\u8005<\/p>\n<p>&nbsp;<\/p>\n<p class=\"name\">Christelle Pochet<\/p>\n<p>\u30d5\u30e9\u30f3\u30b9\u653e\u9001\u30d5\u30a3\u30eb\u30cf\u30fc\u30e2\u30cb\u30fc\u7ba1\u5f26\u697d\u56e3 \u30d0\u30b9\u30af\u30e9\u30ea\u30cd\u30c3\u30c8\u594f\u8005<br \/>\n&#8220;Les Ondes&#8221; \u30af\u30e9\u30ea\u30cd\u30c3\u30c8\u30e1\u30f3\u30d0\u30fc<\/p>\n<p>&nbsp;<\/p>\n<p class=\"name\">Philippe Portejoie\/\u30d5\u30a3\u30ea\u30c3\u30d7\u30fb\u30dd\u30eb\u30c6\u30b8\u30e7\u30a2<\/p>\n<p>\u30af\u30ed\u30fc\u30c9\u30fb\u30dc\u30ea\u30f3\u30b0\u30fb\u30d3\u30c3\u30b0\u30d0\u30f3\u30c9 1st \u30a2\u30eb\u30c8\u30b5\u30c3\u30af\u30b9<br \/>\n\u30d1\u30ea\u5730\u57df\u570f\u7acb\u97f3\u697d\u9662 \u6559\u6388<br \/>\n&#8220;Evry-Centre-Essonne&#8221; \u770c\u7acb\u97f3\u697d\u9662 \u6559\u6388<\/p>\n<p>&nbsp;<\/p>\n<p class=\"name\">Levente Puskas<\/p>\n<p>\u30d6\u30c0\u30da\u30b9\u30c8\u30fb\u30b5\u30af\u30bd\u30d5\u30a9\u30fc\u30f3\u30fb\u30ab\u30eb\u30c6\u30c3\u30c8 \u30a2\u30eb\u30c8\u30b5\u30c3\u30af\u30b9\u594f\u8005<br \/>\n\u30c7\u30d6\u30ec\u30c4\u30a7\u30f3\u5927\u5b66 \u30b5\u30c3\u30af\u30b9\u6559\u6388(\u30cf\u30f3\u30ac\u30ea\u30fc)<\/p>\n<p>&nbsp;<\/p>\n<p class=\"name\">Jo\u00ebl Schemer<\/p>\n<p>\u30d5\u30e9\u30f3\u30b9\u56fd\u5bb6\u8b66\u5bdf\u30cf\u30fc\u30e2\u30cb\u30fc\u30aa\u30fc\u30b1\u30b9\u30c8\u30e9 \u30af\u30e9\u30ea\u30cd\u30c3\u30c8<br \/>\n\u30a8\u30f4\u30ea\u30fc\u30fb\u30af\u30bb\u30ca\u30ad\u30b9\u770c\u7acb\u97f3\u697d\u9662 \u30af\u30e9\u30ea\u30cd\u30c3\u30c8\u6559\u6388<\/p>\n<p>&nbsp;<\/p>\n<p class=\"name\">Rapha\u00ebl S\u00e9v\u00e8re<\/p>\n<p>\u30af\u30e9\u30ea\u30cd\u30c3\u30c8\u594f\u8005<\/p>\n<p>&nbsp;<\/p>\n<p class=\"name\">Xavier Sibre<\/p>\n<p>\u30b5\u30c3\u30af\u30b9\u594f\u8005\u3001\u30af\u30e9\u30ea\u30cd\u30c3\u30c8\u594f\u8005<\/p>\n<p>&nbsp;<\/p>\n<p class=\"name\">Dayna Stephens\/\u30c7\u30a4\u30ca\u30fb\u30b9\u30c6\u30d5\u30a1\u30f3\u30ba<\/p>\n<p>\u56fd\u969b\u7684\u30b5\u30c3\u30af\u30b9\u594f\u8005\u3001\u4f5c\u66f2\u5bb6<\/p>\n<p><a href=\"http:\/\/www.daynasound.com\" target=\"_blank\">www.daynasound.com<\/a><\/p>\n<p>&nbsp;<\/p>\n<p class=\"name\">Yosvany Terry\/\u30e8\u30b9\u30d0\u30cb\u30fc\u30fb\u30c6\u30ea\u30fc<\/p>\n<p>\u30b5\u30c3\u30af\u30b9\u594f\u8005\u3001\u4f5c\u66f2\u5bb6<\/p>\n<p><a href=\"http:\/\/yosvanyterry.com\" target=\"_blank\">http:\/\/yosvanyterry.com<\/a><\/p>\n<p>&nbsp;<\/p>\n<p class=\"name\">Steve Torok<\/p>\n<p>\u30df\u30e9\u30b3\u30b9\u30bf \u30ab\u30ec\u30c3\u30b8 \u30b8\u30e3\u30ba\uff06\u30b3\u30de\u30fc\u30b7\u30e3\u30eb\u30fb\u30df\u30e5\u30fc\u30b8\u30c3\u30af\u30fb\u30b3\u30fc\u30c7\u30a3\u30cd\u30fc\u30bf\u30fc(\u30ab\u30ea\u30d5\u30a9\u30eb\u30cb\u30a2, \u30a2\u30e1\u30ea\u30ab)<br \/>\n\u30d7\u30ed\u30b5\u30c3\u30af\u30b9\u594f\u8005\u3001\u7de8\u66f2\u8005\u3001\u4f5c\u66f2\u8005<\/p>\n<p><a href=\"http:\/\/www.stevetorok.com\" target=\"_blank\">http:\/\/www.stevetorok.com<\/a><\/p>\n<p>&nbsp;<\/p>\n<p class=\"name\">Tharsis Quartet<\/p>\n<p>\u30b5\u30af\u30bd\u30d5\u30a9\u30fc\u30f3\u56db\u91cd\u594f \u594f\u8005<br \/>\n\u30e1\u30f3\u30d0\u30fc\uff1aPablo S\u00e1nchez, Francisco Jos\u00e9 Gil, Bernardo Parrilla, Jos\u00e9 Carlos Garc\u00eda<\/p>\n<p><a href=\"http:\/\/www.facebook.com\/tharsisquartet\" target=\"_blank\">www.facebook.com\/tharsisquartet<\/a><\/p>\n<p>&nbsp;<\/p>\n<p class=\"name\">Ronald Van Spaendonck<\/p>\n<p>\u56fd\u969b\u7684\u30bd\u30ea\u30b9\u30c8<br \/>\n\u30d6\u30ea\u30e5\u30c3\u30bb\u30eb\u738b\u7acb\u97f3\u697d\u5927\u5b66\u3001\u30e2\u30f3\u30b9\u738b\u7acb\u97f3\u697d\u5927\u5b66 \u6559\u6388 (\u30d9\u30eb\u30ae\u30fc)<br \/>\n\u30a8\u30b3\u30fc\u30eb\u30ce\u30eb\u30de\u30eb\u97f3\u697d\u9662 \u6559\u6388(\u30d5\u30e9\u30f3\u30b9)<\/p>\n<p><a href=\"http:\/\/www.vanspaendonck.be\" target=\"_blank\">www.vanspaendonck.be<\/a><\/p>\n<p>&nbsp;<\/p>\n<p class=\"name\">Jean-Marc Volta<\/p>\n<p>\u30d1\u30ea\u5730\u57df\u570f\u7acb\u97f3\u697d\u9662 \u6559\u6388<br \/>\n\u30d5\u30e9\u30f3\u30b9\u56fd\u7acb\u7ba1\u5f26\u697d\u56e3 \u30bd\u30ea\u30b9\u30c8<\/p>\n<p><a href=\"http:\/\/musimages.jimdo.com\" target=\"_blank\">http:\/\/musimages.jimdo.com<\/a><\/p>\n<p>&nbsp;<\/p>\n<p class=\"name\">Peter Weniger\/\u30d4\u30fc\u30bf\u30fc\u30fb\u30a6\u30a7\u30cb\u30ac\u30fc<\/p>\n<p>\u30d9\u30eb\u30ea\u30f3\u56fd\u969b\u30b8\u30e3\u30ba\u30d5\u30a7\u30b9\u30c6\u30a3\u30d0\u30eb \u30c1\u30fc\u30d5\uff06\u30a2\u30fc\u30c8\u30c7\u30a3\u30ec\u30af\u30bf\u30fc(\u30c9\u30a4\u30c4)<\/p>\n<p><a href=\"http:\/\/www.peterweniger.eu\" target=\"_blank\">www.peterweniger.eu<\/a><\/p>\n<p>&nbsp;<\/p>\n<p class=\"name\">Mark Weschenfelder<\/p>\n<p>\u30d5\u30ea\u30fc\u30e9\u30f3\u30b9 \u30b5\u30c3\u30af\u30b9\u594f\u8005<\/p>\n","protected":false},"excerpt":{"rendered":"<p>\u30a4\u30ce\u30d9\u30fc\u30bf\u30fc\u3068\u3057\u3066\u3001\u305d\u3057\u3066\u4f1d\u7d71\u3092\u5f15\u304d\u7d99\u3050\u3082\u306e\u3068\u3057\u3066 \u30d1\u30ea\u7ba1\u5f26\u697d\u56e3\u3001\u30d5\u30e9\u30f3\u30b9\u56fd\u7acb\u7ba1\u5f26\u697d\u56e3\u3001\u30d1\u30ea\u56fd\u7acb\u30aa\u30da\u30e9\u3001\u30c8\u30a5\u30fc\u30eb\u30fc\u30ba\u30fb\u30ad\u30e3\u30d4\u30c8\u30eb\u56fd\u7acb\u7ba1\u5f26\u697d\u56e3\u3001\u30d5\u30e9\u30f3\u30b9\u5171\u548c\u56fd\u89aa\u885b\u968a\u3001\u30d5\u30e9\u30f3\u30b9\u56fd\u5bb6\u8b66\u5bdf\u97f3\u697d\u968a\u306a\u3069\u3001\u4e16\u754c\u7684\u306b\u3082\u6709\u540d\u306a\u697d\u56e3\u3084\u30a2\u30fc\u30c6 &hellip; <a href=\"https:\/\/ligaphone.jp\/?page_id=23\">Read More<\/a><\/p>\n","protected":false},"author":2,"featured_media":0,"parent":0,"menu_order":0,"comment_status":"closed","ping_status":"closed","template":"","meta":{"footnotes":""},"class_list":["post-23","page","type-page","status-publish","hentry"],"jetpack_sharing_enabled":true,"_links":{"self":[{"href":"https:\/\/ligaphone.jp\/index.php?rest_route=\/wp\/v2\/pages\/23","targetHints":{"allow":["GET"]}}],"collection":[{"href":"https:\/\/ligaphone.jp\/index.php?rest_route=\/wp\/v2\/pages"}],"about":[{"href":"https:\/\/ligaphone.jp\/index.php?rest_route=\/wp\/v2\/types\/page"}],"author":[{"embeddable":true,"href":"https:\/\/ligaphone.jp\/index.php?rest_route=\/wp\/v2\/users\/2"}],"replies":[{"embeddable":true,"href":"https:\/\/ligaphone.jp\/index.php?rest_route=%2Fwp%2Fv2%2Fcomments&post=23"}],"version-history":[{"count":0,"href":"https:\/\/ligaphone.jp\/index.php?rest_route=\/wp\/v2\/pages\/23\/revisions"}],"wp:attachment":[{"href":"https:\/\/ligaphone.jp\/index.php?rest_route=%2Fwp%2Fv2%2Fmedia&parent=23"}],"curies":[{"name":"wp","href":"https:\/\/api.w.org\/{rel}","templated":true}]}}